{"id":2555,"date":"2021-01-19T15:35:44","date_gmt":"2021-01-19T15:35:44","guid":{"rendered":"https:\/\/fnamotos.podiumsoft.net\/politica-privacidad\/"},"modified":"2022-01-31T10:47:06","modified_gmt":"2022-01-31T10:47:06","slug":"politica-privacidad","status":"publish","type":"page","link":"https:\/\/plugindev.podiumsoft.net\/eu\/politica-privacidad\/","title":{"rendered":"Pol\u00edtica de privacidad \/ Pribatutasun Politika"},"content":{"rendered":"<style>#kt-layout-id_6ad35f-41 > .kt-row-column-wrap{align-content:center;}:where(#kt-layout-id_6ad35f-41 > .kt-row-column-wrap) > .wp-block-kadence-column{justify-content:center;}#kt-layout-id_6ad35f-41 > .kt-row-column-wrap{column-gap:var(--global-kb-gap-md, 2rem);row-gap:var(--global-kb-gap-md, 2rem);max-width:var( --global-content-width, 1290px );padding-left:var(--global-content-edge-padding);padding-right:var(--global-content-edge-padding);padding-top:var( --global-kb-row-default-top, 25px );padding-bottom:var( --global-kb-row-default-bottom, 25px );padding-top:0px;padding-bottom:0px;min-height:500px;grid-template-columns:minmax(0, 1fr);}#kt-layout-id_6ad35f-41{background-image:url('https:\/\/plugindev.podiumsoft.net\/wp-content\/uploads\/2022\/01\/FOTO-WEB7_min.jpg');background-size:cover;background-position:50% 23%;background-attachment:scroll;background-repeat:no-repeat;}#kt-layout-id_6ad35f-41 > .kt-row-layout-overlay{opacity:0.25;background-color:var(--global-palette2, #2B6CB0);}@media all and (max-width: 1024px){#kt-layout-id_6ad35f-41 > .kt-row-column-wrap{grid-template-columns:minmax(0, 1fr);}}@media all and (max-width: 767px){#kt-layout-id_6ad35f-41 > .kt-row-column-wrap{min-height:200px;grid-template-columns:minmax(0, 1fr);}}<\/style>\n<div class=\"wp-block-kadence-rowlayout alignfull\"><div id=\"kt-layout-id_6ad35f-41\" class=\"kt-row-layout-inner kt-row-has-bg kt-layout-id_6ad35f-41\"><div class=\"kt-row-layout-overlay kt-row-overlay-normal\"><\/div><div class=\"kt-row-column-wrap kt-has-1-columns kt-gutter-default kt-v-gutter-default kt-row-valign-middle kt-row-layout-equal kt-tab-layout-inherit kt-m-colapse-left-to-right kt-mobile-layout-row kb-theme-content-width\"><style>.kadence-column_b0cd9a-b1 > .kt-inside-inner-col{border-top-width:0px;border-right-width:0px;border-bottom-width:0px;border-left-width:0px;}.kadence-column_b0cd9a-b1 > .kt-inside-inner-col,.kadence-column_b0cd9a-b1 > .kt-inside-inner-col:before{border-top-left-radius:0px;border-top-right-radius:0px;border-bottom-right-radius:0px;border-bottom-left-radius:0px;}.kadence-column_b0cd9a-b1 > .kt-inside-inner-col{column-gap:var(--global-kb-gap-sm, 1rem);}.kadence-column_b0cd9a-b1 > .kt-inside-inner-col{flex-direction:column;}.kadence-column_b0cd9a-b1 > .kt-inside-inner-col > .aligncenter{width:100%;}.kadence-column_b0cd9a-b1 > .kt-inside-inner-col:before{opacity:0.3;}.kadence-column_b0cd9a-b1{position:relative;}@media all and (max-width: 1024px){.kadence-column_b0cd9a-b1 > .kt-inside-inner-col{flex-direction:column;justify-content:center;}}@media all and (max-width: 767px){.kadence-column_b0cd9a-b1 > .kt-inside-inner-col{flex-direction:column;justify-content:center;}}<\/style>\n<div class=\"wp-block-kadence-column inner-column-1 kadence-column_b0cd9a-b1\"><div class=\"kt-inside-inner-col\"><style>.wp-block-kadence-advancedheading.kt-adv-heading_07d487-4f, .wp-block-kadence-advancedheading.kt-adv-heading_07d487-4f[data-kb-block=\"kb-adv-heading_07d487-4f\"]{text-align:center;font-size:60px;font-style:normal;color:#ffffff;}.wp-block-kadence-advancedheading.kt-adv-heading_07d487-4f mark.kt-highlight, .wp-block-kadence-advancedheading.kt-adv-heading_07d487-4f[data-kb-block=\"kb-adv-heading_07d487-4f\"] mark.kt-highlight{font-style:normal;color:#f76a0c;-webkit-box-decoration-break:clone;box-decoration-break:clone;padding-top:0px;padding-right:0px;padding-bottom:0px;padding-left:0px;}.wp-block-kadence-advancedheading.kt-adv-heading_07d487-4f img.kb-inline-image, .wp-block-kadence-advancedheading.kt-adv-heading_07d487-4f[data-kb-block=\"kb-adv-heading_07d487-4f\"] img.kb-inline-image{width:150px;vertical-align:baseline;}@media all and (max-width: 1024px){.wp-block-kadence-advancedheading.kt-adv-heading_07d487-4f, .wp-block-kadence-advancedheading.kt-adv-heading_07d487-4f[data-kb-block=\"kb-adv-heading_07d487-4f\"]{font-size:50px;}}@media all and (max-width: 767px){.wp-block-kadence-advancedheading.kt-adv-heading_07d487-4f, .wp-block-kadence-advancedheading.kt-adv-heading_07d487-4f[data-kb-block=\"kb-adv-heading_07d487-4f\"]{font-size:40px;}}<\/style>\n<h1 class=\"kt-adv-heading_07d487-4f wp-block-kadence-advancedheading\" data-kb-block=\"kb-adv-heading_07d487-4f\">Pol\u00edtica de privacidad \/ Pribatutasun Politika<\/h1>\n<\/div><\/div>\n<\/div><\/div><\/div>\n\n\n<style>#kt-layout-id_077b77-2e > .kt-row-column-wrap{align-content:start;}:where(#kt-layout-id_077b77-2e > .kt-row-column-wrap) > .wp-block-kadence-column{justify-content:start;}#kt-layout-id_077b77-2e > .kt-row-column-wrap{column-gap:var(--global-kb-gap-md, 2rem);row-gap:var(--global-kb-gap-md, 2rem);max-width:1200px;margin-left:auto;margin-right:auto;padding-top:var( --global-kb-row-default-top, 25px );padding-bottom:var( --global-kb-row-default-bottom, 25px );padding-top:40px;padding-bottom:80px;padding-left:25px;padding-right:25px;grid-template-columns:minmax(0, 1fr);}#kt-layout-id_077b77-2e > .kt-row-layout-overlay{opacity:0.30;}@media all and (max-width: 1024px){#kt-layout-id_077b77-2e > .kt-row-column-wrap{grid-template-columns:minmax(0, 1fr);}}@media all and (max-width: 767px){#kt-layout-id_077b77-2e > .kt-row-column-wrap{grid-template-columns:minmax(0, 1fr);}}<\/style>\n<div class=\"wp-block-kadence-rowlayout alignnone\"><div id=\"kt-layout-id_077b77-2e\" class=\"kt-row-layout-inner kt-layout-id_077b77-2e\"><div class=\"kt-row-column-wrap kt-has-1-columns kt-gutter-default kt-v-gutter-default kt-row-valign-top kt-row-layout-equal kt-tab-layout-inherit kt-m-colapse-left-to-right kt-mobile-layout-row\"><style>.kadence-column_570760-d3 > .kt-inside-inner-col{border-top-width:0px;border-right-width:0px;border-bottom-width:0px;border-left-width:0px;}.kadence-column_570760-d3 > .kt-inside-inner-col,.kadence-column_570760-d3 > .kt-inside-inner-col:before{border-top-left-radius:0px;border-top-right-radius:0px;border-bottom-right-radius:0px;border-bottom-left-radius:0px;}.kadence-column_570760-d3 > .kt-inside-inner-col{column-gap:var(--global-kb-gap-sm, 1rem);}.kadence-column_570760-d3 > .kt-inside-inner-col{flex-direction:column;}.kadence-column_570760-d3 > .kt-inside-inner-col > .aligncenter{width:100%;}.kadence-column_570760-d3 > .kt-inside-inner-col:before{opacity:0.3;}.kadence-column_570760-d3{position:relative;}@media all and (max-width: 1024px){.kadence-column_570760-d3 > .kt-inside-inner-col{flex-direction:column;justify-content:center;}}@media all and (max-width: 767px){.kadence-column_570760-d3 > .kt-inside-inner-col{flex-direction:column;justify-content:center;}}<\/style>\n<div class=\"wp-block-kadence-column inner-column-1 kadence-column_570760-d3\"><div class=\"kt-inside-inner-col\">\n<h1 class=\"wp-block-heading\">Aviso legal<\/h1>\n\n\n\n<p><strong>Datos identificativos<\/strong><\/p>\n\n\n\n<p>En cumplimiento del deber de informaci\u00f3n recogido en el art\u00edculo 10 de la Ley 34\/2002, de 11 de julio, de servicios de la Sociedad de la Informaci\u00f3n y Comercio Electr\u00f3nico se exponen a continuaci\u00f3n los datos identificativos del titular del sitio web:<\/p>\n\n\n\n<p><strong>FEDERACI\u00d3N NAVARRA DE MOTOCICLISMO<\/strong><br>CIF: Q31211100C<br>Paulino Caballero, 13; 31002, PAMPLONA<br>Tlf: 948 21 15 76<br>e-mail: federacion@fnamoto.com<\/p>\n\n\n\n<p>Este sitio web ha sido creado con car\u00e1cter informativo y para uso personal de los usuarios. A trav\u00e9s de este Aviso legal, se pretende regular el acceso y uso de este sitio web, as\u00ed como la relaci\u00f3n entre el sitio web y sus usuarios. Accediendo a este sitio web se aceptan los siguientes t\u00e9rminos y condiciones:<\/p>\n\n\n\n<p>El acceso a este sitio web es responsabilidad exclusiva de los usuarios.<\/p>\n\n\n\n<p>El simple acceso a este sitio web no supone entablar ning\u00fan tipo de relaci\u00f3n entre FEDERACI\u00d3N NAVARRA DE MOTOCICLISMO y el usuario.<\/p>\n\n\n\n<p>El acceso y la navegaci\u00f3n en este sitio web supone aceptar y conocer las advertencias legales, condiciones y t\u00e9rminos de uso contenidas en ella.<\/p>\n\n\n\n<h1 class=\"wp-block-heading\">Pol\u00edtica de privacidad<\/h1>\n\n\n\n<p>Su privacidad es importante para nosotros. Esta Pol\u00edtica de Privacidad cubre lo que recopilamos y c\u00f3mo usamos, divulgamos, transferimos y almacenamos su informaci\u00f3n.<\/p>\n\n\n\n<p><strong>1. Identidad de FEDERACION NAVARRA DE MOTOCICLISMO.<\/strong><br>Si tiene alguna pregunta sobre esta Pol\u00edtica de privacidad, puede comunicarse con nosotros dirigi\u00e9ndose a la direcci\u00f3n postal o correo electr\u00f3nico se\u00f1alados en los datos identificativos de nuestro Aviso Legal<\/p>\n\n\n\n<p><strong>2. \u00bfQu\u00e9 informaci\u00f3n recopilamos?<\/strong><br>Usted puede visitar nuestro sitio web de forma an\u00f3nima.<br>Tambi\u00e9n puede enviarnos un mensaje a trav\u00e9s de la opci\u00f3n \u201ccontacto\u201d. Para ello necesitamos recopilar unos datos b\u00e1sicos de contacto: nombre y e-mail. Por \u00faltimo, puede descargarse los formularios para solicitar su licencia<\/p>\n\n\n\n<p><strong>3. \u00bfCu\u00e1l es la finalidad?<\/strong><br>Nuestra finalidad es establecer un canal de comunicaci\u00f3n con usted y poder responderle a sus preguntas o atender su solicitud.<\/p>\n\n\n\n<p><strong>4. Base jur\u00eddica.<\/strong><br>El procesamiento de sus datos recogidos a trav\u00e9s de esta web se basa en su consentimiento. Puede retirar su consentimiento en cualquier momento, poni\u00e9ndose en contacto con nosotros utilizando la informaci\u00f3n se\u00f1alada en los datos identificativos.<\/p>\n\n\n\n<p><strong>5. Comunicaci\u00f3n de datos a terceros.<\/strong><br>FEDERACION NAVARRA DE MOTOCICLISMO informa a los usuarios de su web de que sus datos personales no ser\u00e1n cedidos a terceras organizaciones, salvo que dicha cesi\u00f3n est\u00e9 amparada en una obligaci\u00f3n legal.<\/p>\n\n\n\n<p><strong>6. Conservaci\u00f3n de sus datos.<\/strong><br>Conservaremos sus datos mientras el usuario no solicite su supresi\u00f3n.<\/p>\n\n\n\n<p><strong>7. \u00bfCu\u00e1les son sus derechos cuando nos facilita sus datos?<\/strong><br>Cualquier persona tiene derecho a obtener confirmaci\u00f3n sobre si en FEDERACION NAVARRA DE MOTOCICLISMO, estamos tratando sus datos personales. En caso afirmativo tiene derecho a solicitar la rectificaci\u00f3n de datos incorrectos o en su caso, solicitar su supresi\u00f3n o limitaci\u00f3n de uso cuando, entre otros motivos, sus datos ya no sean necesarios para los fines para los que fueron recogidos. Si est\u00e1 usted federado puede consultar sus datos, modificar o corregir los datos incorrectos en la zona privada de esta web.<\/p>\n<\/div><\/div>\n<\/div><\/div><\/div>\n","protected":false},"excerpt":{"rendered":"<p>Pol\u00edtica de privacidad \/ Pribatutasun Politika Aviso legal Datos identificativos En cumplimiento del deber de informaci\u00f3n recogido en el art\u00edculo 10 de la Ley 34\/2002, de 11 de julio, de servicios de la Sociedad de la Informaci\u00f3n y Comercio Electr\u00f3nico se exponen a continuaci\u00f3n los datos identificativos del titular del sitio web: FEDERACI\u00d3N NAVARRA DE&#8230;<\/p>\n","protected":false},"author":1,"featured_media":0,"parent":0,"menu_order":11,"comment_status":"closed","ping_status":"closed","template":"","meta":{"_acf_changed":false,"_kad_post_transparent":"","_kad_post_title":"","_kad_post_layout":"","_kad_post_sidebar_id":"","_kad_post_content_style":"","_kad_post_vertical_padding":"","_kad_post_feature":"","_kad_post_feature_position":"","_kad_post_header":false,"_kad_post_footer":false,"_kad_post_classname":"","footnotes":""},"class_list":["post-2555","page","type-page","status-publish","hentry"],"acf":[],"_links":{"self":[{"href":"https:\/\/plugindev.podiumsoft.net\/eu\/wp-json\/wp\/v2\/pages\/2555","targetHints":{"allow":["GET"]}}],"collection":[{"href":"https:\/\/plugindev.podiumsoft.net\/eu\/wp-json\/wp\/v2\/pages"}],"about":[{"href":"https:\/\/plugindev.podiumsoft.net\/eu\/wp-json\/wp\/v2\/types\/page"}],"author":[{"embeddable":true,"href":"https:\/\/plugindev.podiumsoft.net\/eu\/wp-json\/wp\/v2\/users\/1"}],"replies":[{"embeddable":true,"href":"https:\/\/plugindev.podiumsoft.net\/eu\/wp-json\/wp\/v2\/comments?post=2555"}],"version-history":[{"count":3,"href":"https:\/\/plugindev.podiumsoft.net\/eu\/wp-json\/wp\/v2\/pages\/2555\/revisions"}],"predecessor-version":[{"id":2652,"href":"https:\/\/plugindev.podiumsoft.net\/eu\/wp-json\/wp\/v2\/pages\/2555\/revisions\/2652"}],"wp:attachment":[{"href":"https:\/\/plugindev.podiumsoft.net\/eu\/wp-json\/wp\/v2\/media?parent=2555"}],"curies":[{"name":"wp","href":"https:\/\/api.w.org\/{rel}","templated":true}]}}