{"id":2554,"date":"2021-03-11T20:37:00","date_gmt":"2021-03-11T20:37:00","guid":{"rendered":"https:\/\/fnamotos.podiumsoft.net\/elecciones-hauteskundeak\/"},"modified":"2022-01-24T16:59:55","modified_gmt":"2022-01-24T16:59:55","slug":"elecciones-hauteskundeak","status":"publish","type":"page","link":"https:\/\/plugindev.podiumsoft.net\/eu\/elecciones-hauteskundeak\/","title":{"rendered":"Elecciones \/ Hauteskundeak"},"content":{"rendered":"<style>#kt-layout-id_6ad35f-41 > .kt-row-column-wrap{align-content:center;}:where(#kt-layout-id_6ad35f-41 > .kt-row-column-wrap) > .wp-block-kadence-column{justify-content:center;}#kt-layout-id_6ad35f-41 > .kt-row-column-wrap{column-gap:var(--global-kb-gap-md, 2rem);row-gap:var(--global-kb-gap-md, 2rem);max-width:var( --global-content-width, 1290px );padding-left:var(--global-content-edge-padding);padding-right:var(--global-content-edge-padding);padding-top:var( --global-kb-row-default-top, 25px );padding-bottom:var( --global-kb-row-default-bottom, 25px );padding-top:0px;padding-bottom:0px;min-height:500px;grid-template-columns:minmax(0, 1fr);}#kt-layout-id_6ad35f-41{background-image:url('https:\/\/plugindev.podiumsoft.net\/wp-content\/uploads\/2022\/01\/FOTO-WEB7_min.jpg');background-size:cover;background-position:50% 23%;background-attachment:scroll;background-repeat:no-repeat;}#kt-layout-id_6ad35f-41 > .kt-row-layout-overlay{opacity:0.25;background-color:var(--global-palette2, #2B6CB0);}@media all and (max-width: 1024px){#kt-layout-id_6ad35f-41 > .kt-row-column-wrap{grid-template-columns:minmax(0, 1fr);}}@media all and (max-width: 767px){#kt-layout-id_6ad35f-41 > .kt-row-column-wrap{min-height:200px;grid-template-columns:minmax(0, 1fr);}}<\/style>\n<div class=\"wp-block-kadence-rowlayout alignfull\"><div id=\"kt-layout-id_6ad35f-41\" class=\"kt-row-layout-inner kt-row-has-bg kt-layout-id_6ad35f-41\"><div class=\"kt-row-layout-overlay kt-row-overlay-normal\"><\/div><div class=\"kt-row-column-wrap kt-has-1-columns kt-gutter-default kt-v-gutter-default kt-row-valign-middle kt-row-layout-equal kt-tab-layout-inherit kt-m-colapse-left-to-right kt-mobile-layout-row kb-theme-content-width\"><style>.kadence-column_b0cd9a-b1 > .kt-inside-inner-col{border-top-width:0px;border-right-width:0px;border-bottom-width:0px;border-left-width:0px;}.kadence-column_b0cd9a-b1 > .kt-inside-inner-col,.kadence-column_b0cd9a-b1 > .kt-inside-inner-col:before{border-top-left-radius:0px;border-top-right-radius:0px;border-bottom-right-radius:0px;border-bottom-left-radius:0px;}.kadence-column_b0cd9a-b1 > .kt-inside-inner-col{column-gap:var(--global-kb-gap-sm, 1rem);}.kadence-column_b0cd9a-b1 > .kt-inside-inner-col{flex-direction:column;}.kadence-column_b0cd9a-b1 > .kt-inside-inner-col > .aligncenter{width:100%;}.kadence-column_b0cd9a-b1 > .kt-inside-inner-col:before{opacity:0.3;}.kadence-column_b0cd9a-b1{position:relative;}@media all and (max-width: 1024px){.kadence-column_b0cd9a-b1 > .kt-inside-inner-col{flex-direction:column;justify-content:center;}}@media all and (max-width: 767px){.kadence-column_b0cd9a-b1 > .kt-inside-inner-col{flex-direction:column;justify-content:center;}}<\/style>\n<div class=\"wp-block-kadence-column inner-column-1 kadence-column_b0cd9a-b1\"><div class=\"kt-inside-inner-col\"><style>.wp-block-kadence-advancedheading.kt-adv-heading_07d487-4f, .wp-block-kadence-advancedheading.kt-adv-heading_07d487-4f[data-kb-block=\"kb-adv-heading_07d487-4f\"]{text-align:center;font-size:60px;font-style:normal;color:#ffffff;}.wp-block-kadence-advancedheading.kt-adv-heading_07d487-4f mark.kt-highlight, .wp-block-kadence-advancedheading.kt-adv-heading_07d487-4f[data-kb-block=\"kb-adv-heading_07d487-4f\"] mark.kt-highlight{font-style:normal;color:#f76a0c;-webkit-box-decoration-break:clone;box-decoration-break:clone;padding-top:0px;padding-right:0px;padding-bottom:0px;padding-left:0px;}.wp-block-kadence-advancedheading.kt-adv-heading_07d487-4f img.kb-inline-image, .wp-block-kadence-advancedheading.kt-adv-heading_07d487-4f[data-kb-block=\"kb-adv-heading_07d487-4f\"] img.kb-inline-image{width:150px;vertical-align:baseline;}@media all and (max-width: 1024px){.wp-block-kadence-advancedheading.kt-adv-heading_07d487-4f, .wp-block-kadence-advancedheading.kt-adv-heading_07d487-4f[data-kb-block=\"kb-adv-heading_07d487-4f\"]{font-size:50px;}}@media all and (max-width: 767px){.wp-block-kadence-advancedheading.kt-adv-heading_07d487-4f, .wp-block-kadence-advancedheading.kt-adv-heading_07d487-4f[data-kb-block=\"kb-adv-heading_07d487-4f\"]{font-size:40px;}}<\/style>\n<h1 class=\"kt-adv-heading_07d487-4f wp-block-kadence-advancedheading\" data-kb-block=\"kb-adv-heading_07d487-4f\">Elecciones \/ Hauteskundeak<\/h1>\n<\/div><\/div>\n<\/div><\/div><\/div>\n\n\n<style>#kt-layout-id_09981a-89 > .kt-row-column-wrap{align-content:start;}:where(#kt-layout-id_09981a-89 > .kt-row-column-wrap) > .wp-block-kadence-column{justify-content:start;}#kt-layout-id_09981a-89 > .kt-row-column-wrap{column-gap:var(--global-kb-gap-md, 2rem);row-gap:var(--global-kb-gap-md, 2rem);max-width:1200px;margin-left:auto;margin-right:auto;padding-top:var( --global-kb-row-default-top, 25px );padding-bottom:var( --global-kb-row-default-bottom, 25px );padding-top:40px;padding-bottom:80px;padding-left:25px;padding-right:25px;grid-template-columns:minmax(0, 1fr);}#kt-layout-id_09981a-89 > .kt-row-layout-overlay{opacity:0.30;}@media all and (max-width: 1024px){#kt-layout-id_09981a-89 > .kt-row-column-wrap{grid-template-columns:minmax(0, 1fr);}}@media all and (max-width: 767px){#kt-layout-id_09981a-89 > .kt-row-column-wrap{grid-template-columns:minmax(0, 1fr);}}<\/style>\n<div class=\"wp-block-kadence-rowlayout alignnone\"><div id=\"kt-layout-id_09981a-89\" class=\"kt-row-layout-inner kt-layout-id_09981a-89\"><div class=\"kt-row-column-wrap kt-has-1-columns kt-gutter-default kt-v-gutter-default kt-row-valign-top kt-row-layout-equal kt-tab-layout-inherit kt-m-colapse-left-to-right kt-mobile-layout-row\"><style>.kadence-column_61c9dc-f7 > .kt-inside-inner-col{border-top-width:0px;border-right-width:0px;border-bottom-width:0px;border-left-width:0px;}.kadence-column_61c9dc-f7 > .kt-inside-inner-col,.kadence-column_61c9dc-f7 > .kt-inside-inner-col:before{border-top-left-radius:0px;border-top-right-radius:0px;border-bottom-right-radius:0px;border-bottom-left-radius:0px;}.kadence-column_61c9dc-f7 > .kt-inside-inner-col{column-gap:var(--global-kb-gap-sm, 1rem);}.kadence-column_61c9dc-f7 > .kt-inside-inner-col{flex-direction:column;}.kadence-column_61c9dc-f7 > .kt-inside-inner-col > .aligncenter{width:100%;}.kadence-column_61c9dc-f7 > .kt-inside-inner-col:before{opacity:0.3;}.kadence-column_61c9dc-f7{position:relative;}@media all and (max-width: 1024px){.kadence-column_61c9dc-f7 > .kt-inside-inner-col{flex-direction:column;justify-content:center;}}@media all and (max-width: 767px){.kadence-column_61c9dc-f7 > .kt-inside-inner-col{flex-direction:column;justify-content:center;}}<\/style>\n<div class=\"wp-block-kadence-column inner-column-1 kadence-column_61c9dc-f7\"><div class=\"kt-inside-inner-col\">\n<h2 class=\"wp-block-heading\">Elecciones 2020<\/h2>\n\n\n\n<p>Aqu\u00ed podr\u00e1 encontrar toda la documentaci\u00f3n sobre las elecciones.<\/p>\n\n\n<style>.kt-accordion-id_634072-8d .kt-accordion-inner-wrap{column-gap:var(--global-kb-gap-md, 2rem);row-gap:15px;}.kt-accordion-id_634072-8d .kt-accordion-panel-inner{border-top-width:0px;border-right-width:0px;border-bottom-width:0px;border-left-width:0px;background:var(--global-palette9, #ffffff);padding-top:var(--global-kb-spacing-sm, 1.5rem);padding-right:var(--global-kb-spacing-sm, 1.5rem);padding-bottom:var(--global-kb-spacing-sm, 1.5rem);padding-left:var(--global-kb-spacing-sm, 1.5rem);}.kt-accordion-id_634072-8d > .kt-accordion-inner-wrap > .wp-block-kadence-pane > .kt-accordion-header-wrap > .kt-blocks-accordion-header{border-top-color:#555555;border-right-color:#555555;border-bottom-color:#555555;border-left-color:#555555;border-top-width:0px;border-right-width:0px;border-bottom-width:0px;border-left-width:0px;border-top-left-radius:0px;border-top-right-radius:0px;border-bottom-right-radius:0px;border-bottom-left-radius:0px;background:var(--global-palette7, #EDF2F7);font-size:20px;line-height:24px;color:var(--global-palette5, #4A5568);padding-top:14px;padding-right:14px;padding-bottom:14px;padding-left:14px;}.kt-accordion-id_634072-8d:not( .kt-accodion-icon-style-basiccircle ):not( .kt-accodion-icon-style-xclosecircle ):not( .kt-accodion-icon-style-arrowcircle )  > .kt-accordion-inner-wrap > .wp-block-kadence-pane > .kt-accordion-header-wrap .kt-blocks-accordion-icon-trigger:after, .kt-accordion-id_634072-8d:not( .kt-accodion-icon-style-basiccircle ):not( .kt-accodion-icon-style-xclosecircle ):not( .kt-accodion-icon-style-arrowcircle )  > .kt-accordion-inner-wrap > .wp-block-kadence-pane > .kt-accordion-header-wrap .kt-blocks-accordion-icon-trigger:before{background:var(--global-palette5, #4A5568);}.kt-accordion-id_634072-8d:not( .kt-accodion-icon-style-basic ):not( .kt-accodion-icon-style-xclose ):not( .kt-accodion-icon-style-arrow ) .kt-blocks-accordion-icon-trigger{background:var(--global-palette5, #4A5568);}.kt-accordion-id_634072-8d:not( .kt-accodion-icon-style-basic ):not( .kt-accodion-icon-style-xclose ):not( .kt-accodion-icon-style-arrow ) .kt-blocks-accordion-icon-trigger:after, .kt-accordion-id_634072-8d:not( .kt-accodion-icon-style-basic ):not( .kt-accodion-icon-style-xclose ):not( .kt-accodion-icon-style-arrow ) .kt-blocks-accordion-icon-trigger:before{background:var(--global-palette7, #EDF2F7);}.kt-accordion-id_634072-8d > .kt-accordion-inner-wrap > .wp-block-kadence-pane > .kt-accordion-header-wrap > .kt-blocks-accordion-header:hover, \n\t\t\t\tbody:not(.hide-focus-outline) .kt-accordion-id_634072-8d .kt-blocks-accordion-header:focus-visible{color:var(--global-palette3, #1A202C);background:var(--global-palette7, #EDF2F7);border-top-color:#eeeeee;border-right-color:#eeeeee;border-bottom-color:#eeeeee;border-left-color:#eeeeee;}.kt-accordion-id_634072-8d:not( .kt-accodion-icon-style-basiccircle ):not( .kt-accodion-icon-style-xclosecircle ):not( .kt-accodion-icon-style-arrowcircle ) .kt-accordion-header-wrap .kt-blocks-accordion-header:hover .kt-blocks-accordion-icon-trigger:after, .kt-accordion-id_634072-8d:not( .kt-accodion-icon-style-basiccircle ):not( .kt-accodion-icon-style-xclosecircle ):not( .kt-accodion-icon-style-arrowcircle ) .kt-accordion-header-wrap .kt-blocks-accordion-header:hover .kt-blocks-accordion-icon-trigger:before, body:not(.hide-focus-outline) .kt-accordion-id_634072-8d:not( .kt-accodion-icon-style-basiccircle ):not( .kt-accodion-icon-style-xclosecircle ):not( .kt-accodion-icon-style-arrowcircle ) .kt-blocks-accordion--visible .kt-blocks-accordion-icon-trigger:after, body:not(.hide-focus-outline) .kt-accordion-id_634072-8d:not( .kt-accodion-icon-style-basiccircle ):not( .kt-accodion-icon-style-xclosecircle ):not( .kt-accodion-icon-style-arrowcircle ) .kt-blocks-accordion-header:focus-visible .kt-blocks-accordion-icon-trigger:before{background:var(--global-palette3, #1A202C);}.kt-accordion-id_634072-8d:not( .kt-accodion-icon-style-basic ):not( .kt-accodion-icon-style-xclose ):not( .kt-accodion-icon-style-arrow ) .kt-accordion-header-wrap .kt-blocks-accordion-header:hover .kt-blocks-accordion-icon-trigger, body:not(.hide-focus-outline) .kt-accordion-id_634072-8d:not( .kt-accodion-icon-style-basic ):not( .kt-accodion-icon-style-xclose ):not( .kt-accodion-icon-style-arrow ) .kt-accordion-header-wrap .kt-blocks-accordion-header:focus-visible .kt-blocks-accordion-icon-trigger{background:var(--global-palette3, #1A202C);}.kt-accordion-id_634072-8d:not( .kt-accodion-icon-style-basic ):not( .kt-accodion-icon-style-xclose ):not( .kt-accodion-icon-style-arrow ) .kt-accordion-header-wrap .kt-blocks-accordion-header:hover .kt-blocks-accordion-icon-trigger:after, .kt-accordion-id_634072-8d:not( .kt-accodion-icon-style-basic ):not( .kt-accodion-icon-style-xclose ):not( .kt-accodion-icon-style-arrow ) .kt-accordion-header-wrap .kt-blocks-accordion-header:hover .kt-blocks-accordion-icon-trigger:before, body:not(.hide-focus-outline) .kt-accordion-id_634072-8d:not( .kt-accodion-icon-style-basic ):not( .kt-accodion-icon-style-xclose ):not( .kt-accodion-icon-style-arrow ) .kt-accordion-header-wrap .kt-blocks-accordion-header:focus-visible .kt-blocks-accordion-icon-trigger:after, body:not(.hide-focus-outline) .kt-accordion-id_634072-8d:not( .kt-accodion-icon-style-basic ):not( .kt-accodion-icon-style-xclose ):not( .kt-accodion-icon-style-arrow ) .kt-accordion-header-wrap .kt-blocks-accordion-header:focus-visible .kt-blocks-accordion-icon-trigger:before{background:var(--global-palette7, #EDF2F7);}.kt-accordion-id_634072-8d .kt-accordion-header-wrap .kt-blocks-accordion-header:focus-visible,\n\t\t\t\t.kt-accordion-id_634072-8d > .kt-accordion-inner-wrap > .wp-block-kadence-pane > .kt-accordion-header-wrap > .kt-blocks-accordion-header.kt-accordion-panel-active{color:#ffffff;background:var(--global-palette1, #3182CE);border-top-color:#444444;border-right-color:#444444;border-bottom-color:#444444;border-left-color:#444444;}.kt-accordion-id_634072-8d:not( .kt-accodion-icon-style-basiccircle ):not( .kt-accodion-icon-style-xclosecircle ):not( .kt-accodion-icon-style-arrowcircle )  > .kt-accordion-inner-wrap > .wp-block-kadence-pane > .kt-accordion-header-wrap > .kt-blocks-accordion-header.kt-accordion-panel-active .kt-blocks-accordion-icon-trigger:after, .kt-accordion-id_634072-8d:not( .kt-accodion-icon-style-basiccircle ):not( .kt-accodion-icon-style-xclosecircle ):not( .kt-accodion-icon-style-arrowcircle )  > .kt-accordion-inner-wrap > .wp-block-kadence-pane > .kt-accordion-header-wrap > .kt-blocks-accordion-header.kt-accordion-panel-active .kt-blocks-accordion-icon-trigger:before{background:#ffffff;}.kt-accordion-id_634072-8d:not( .kt-accodion-icon-style-basic ):not( .kt-accodion-icon-style-xclose ):not( .kt-accodion-icon-style-arrow ) .kt-blocks-accordion-header.kt-accordion-panel-active .kt-blocks-accordion-icon-trigger{background:#ffffff;}.kt-accordion-id_634072-8d:not( .kt-accodion-icon-style-basic ):not( .kt-accodion-icon-style-xclose ):not( .kt-accodion-icon-style-arrow ) .kt-blocks-accordion-header.kt-accordion-panel-active .kt-blocks-accordion-icon-trigger:after, .kt-accordion-id_634072-8d:not( .kt-accodion-icon-style-basic ):not( .kt-accodion-icon-style-xclose ):not( .kt-accodion-icon-style-arrow ) .kt-blocks-accordion-header.kt-accordion-panel-active .kt-blocks-accordion-icon-trigger:before{background:var(--global-palette1, #3182CE);}@media all and (max-width: 767px){.kt-accordion-id_634072-8d .kt-accordion-inner-wrap{display:block;}.kt-accordion-id_634072-8d .kt-accordion-inner-wrap .kt-accordion-pane:not(:first-child){margin-top:15px;}}<\/style>\n<div class=\"wp-block-kadence-accordion alignnone\"><div class=\"kt-accordion-wrap kt-accordion-wrap kt-accordion-id_634072-8d kt-accordion-has-15-panes kt-active-pane-3 kt-accordion-block kt-pane-header-alignment-left kt-accodion-icon-style-basic kt-accodion-icon-side-right\" style=\"max-width:none\"><div class=\"kt-accordion-inner-wrap\" data-allow-multiple-open=\"false\" data-start-open=\"3\">\n<div class=\"wp-block-kadence-pane kt-accordion-pane kt-accordion-pane-4 kt-pane_ea505b-94\"><h4 class=\"kt-accordion-header-wrap\"><button class=\"kt-blocks-accordion-header kt-acccordion-button-label-show\"><span class=\"kt-blocks-accordion-title-wrap\"><span class=\"kt-blocks-accordion-title\">Documentos<\/span><\/span><span class=\"kt-blocks-accordion-icon-trigger\"><\/span><\/button><\/h4><div class=\"kt-accordion-panel kt-accordion-panel-hidden\"><div class=\"kt-accordion-panel-inner\"><style>.wp-block-kadence-iconlist.kt-svg-icon-list-items_1c7dd1-c1:not(.this-stops-third-party-issues){margin-top:0px;margin-bottom:0px;}.wp-block-kadence-iconlist.kt-svg-icon-list-items_1c7dd1-c1 ul.kt-svg-icon-list:not(.this-prevents-issues):not(.this-stops-third-party-issues):not(.tijsloc){margin-top:0px;margin-right:0px;margin-bottom:10px;margin-left:0px;}.wp-block-kadence-iconlist.kt-svg-icon-list-items_1c7dd1-c1 ul.kt-svg-icon-list{grid-row-gap:5px;}.wp-block-kadence-iconlist.kt-svg-icon-list-items_1c7dd1-c1 ul.kt-svg-icon-list .kt-svg-icon-list-item-wrap .kt-svg-icon-list-single{margin-right:10px;}.kt-svg-icon-list-items_1c7dd1-c1 ul.kt-svg-icon-list .kt-svg-icon-list-level-0 .kt-svg-icon-list-single svg{font-size:20px;}<\/style>\n<div class=\"wp-block-kadence-iconlist kt-svg-icon-list-items kt-svg-icon-list-items_1c7dd1-c1 kt-svg-icon-list-columns-1 alignnone\"><ul class=\"kt-svg-icon-list\"><li class=\"kt-svg-icon-list-style-default kt-svg-icon-list-item-wrap kt-svg-icon-list-item-0\"><div style=\"display:inline-flex;justify-content:center;align-items:center;color:var(--global-palette1)\" class=\"kt-svg-icon-list-single kt-svg-icon-list-single-fas_file-pdf\"><svg style=\"display:inline-block;vertical-align:middle\" viewbox=\"0 0 384 512\" height=\"20\" width=\"20\" fill=\"currentColor\" xmlns=\"http:\/\/www.w3.org\/2000\/svg\" aria-hidden=\"true\"><path d=\"M181.9 256.1c-5-16-4.9-46.9-2-46.9 8.4 0 7.6 36.9 2 46.9zm-1.7 47.2c-7.7 20.2-17.3 43.3-28.4 62.7 18.3-7 39-17.2 62.9-21.9-12.7-9.6-24.9-23.4-34.5-40.8zM86.1 428.1c0 .8 13.2-5.4 34.9-40.2-6.7 6.3-29.1 24.5-34.9 40.2zM248 160h136v328c0 13.3-10.7 24-24 24H24c-13.3 0-24-10.7-24-24V24C0 10.7 10.7 0 24 0h200v136c0 13.2 10.8 24 24 24zm-8 171.8c-20-12.2-33.3-29-42.7-53.8 4.5-18.5 11.6-46.6 6.2-64.2-4.7-29.4-42.4-26.5-47.8-6.8-5 18.3-.4 44.1 8.1 77-11.6 27.6-28.7 64.6-40.8 85.8-.1 0-.1.1-.2.1-27.1 13.9-73.6 44.5-54.5 68 5.6 6.9 16 10 21.5 10 17.9 0 35.7-18 61.1-61.8 25.8-8.5 54.1-19.1 79-23.2 21.7 11.8 47.1 19.5 64 19.5 29.2 0 31.2-32 19.7-43.4-13.9-13.6-54.3-9.7-73.6-7.2zM377 105L279 7c-4.5-4.5-10.6-7-17-7h-6v128h128v-6.1c0-6.3-2.5-12.4-7-16.9zm-74.1 255.3c4.1-2.7-2.5-11.9-42.8-9 37.1 15.8 42.8 9 42.8 9z\"><\/path><\/svg><\/div><span class=\"kt-svg-icon-list-text\">Enlace<\/span><\/li><\/ul><\/div>\n<\/div><\/div><\/div>\n<\/div><\/div><\/div>\n<\/div><\/div>\n<\/div><\/div><\/div>\n\n\n\n<p><\/p>\n","protected":false},"excerpt":{"rendered":"<p>Elecciones \/ Hauteskundeak Elecciones 2020 Aqu\u00ed podr\u00e1 encontrar toda la documentaci\u00f3n sobre las elecciones.<\/p>\n","protected":false},"author":1,"featured_media":0,"parent":0,"menu_order":7,"comment_status":"closed","ping_status":"closed","template":"","meta":{"_acf_changed":false,"_kad_post_transparent":"","_kad_post_title":"","_kad_post_layout":"","_kad_post_sidebar_id":"","_kad_post_content_style":"","_kad_post_vertical_padding":"hide","_kad_post_feature":"","_kad_post_feature_position":"","_kad_post_header":false,"_kad_post_footer":false,"_kad_post_classname":"","footnotes":""},"class_list":["post-2554","page","type-page","status-publish","hentry"],"acf":[],"_links":{"self":[{"href":"https:\/\/plugindev.podiumsoft.net\/eu\/wp-json\/wp\/v2\/pages\/2554","targetHints":{"allow":["GET"]}}],"collection":[{"href":"https:\/\/plugindev.podiumsoft.net\/eu\/wp-json\/wp\/v2\/pages"}],"about":[{"href":"https:\/\/plugindev.podiumsoft.net\/eu\/wp-json\/wp\/v2\/types\/page"}],"author":[{"embeddable":true,"href":"https:\/\/plugindev.podiumsoft.net\/eu\/wp-json\/wp\/v2\/users\/1"}],"replies":[{"embeddable":true,"href":"https:\/\/plugindev.podiumsoft.net\/eu\/wp-json\/wp\/v2\/comments?post=2554"}],"version-history":[{"count":1,"href":"https:\/\/plugindev.podiumsoft.net\/eu\/wp-json\/wp\/v2\/pages\/2554\/revisions"}],"predecessor-version":[{"id":2583,"href":"https:\/\/plugindev.podiumsoft.net\/eu\/wp-json\/wp\/v2\/pages\/2554\/revisions\/2583"}],"wp:attachment":[{"href":"https:\/\/plugindev.podiumsoft.net\/eu\/wp-json\/wp\/v2\/media?parent=2554"}],"curies":[{"name":"wp","href":"https:\/\/api.w.org\/{rel}","templated":true}]}}