{"id":2552,"date":"2020-05-01T03:10:38","date_gmt":"2020-05-01T03:10:38","guid":{"rendered":"https:\/\/fnamotos.podiumsoft.net\/noticias-albisteak\/"},"modified":"2022-01-24T16:59:51","modified_gmt":"2022-01-24T16:59:51","slug":"noticias-albisteak","status":"publish","type":"page","link":"https:\/\/plugindev.podiumsoft.net\/eu\/noticias-albisteak\/","title":{"rendered":"Noticias \/ Albisteak"},"content":{"rendered":"<style>#kt-layout-id_6ad35f-41 > .kt-row-column-wrap{align-content:center;}:where(#kt-layout-id_6ad35f-41 > .kt-row-column-wrap) > .wp-block-kadence-column{justify-content:center;}#kt-layout-id_6ad35f-41 > .kt-row-column-wrap{column-gap:var(--global-kb-gap-md, 2rem);row-gap:var(--global-kb-gap-md, 2rem);max-width:var( --global-content-width, 1290px );padding-left:var(--global-content-edge-padding);padding-right:var(--global-content-edge-padding);padding-top:var( --global-kb-row-default-top, 25px );padding-bottom:var( --global-kb-row-default-bottom, 25px );padding-top:0px;padding-bottom:0px;min-height:500px;grid-template-columns:minmax(0, 1fr);}#kt-layout-id_6ad35f-41{background-image:url('https:\/\/plugindev.podiumsoft.net\/wp-content\/uploads\/2022\/01\/FOTO-WEB7_min.jpg');background-size:cover;background-position:50% 23%;background-attachment:scroll;background-repeat:no-repeat;}#kt-layout-id_6ad35f-41 > .kt-row-layout-overlay{opacity:0.25;background-color:var(--global-palette2, #2B6CB0);}@media all and (max-width: 1024px){#kt-layout-id_6ad35f-41 > .kt-row-column-wrap{grid-template-columns:minmax(0, 1fr);}}@media all and (max-width: 767px){#kt-layout-id_6ad35f-41 > .kt-row-column-wrap{min-height:200px;grid-template-columns:minmax(0, 1fr);}}<\/style>\n<div class=\"wp-block-kadence-rowlayout alignfull\"><div id=\"kt-layout-id_6ad35f-41\" class=\"kt-row-layout-inner kt-row-has-bg kt-layout-id_6ad35f-41\"><div class=\"kt-row-layout-overlay kt-row-overlay-normal\"><\/div><div class=\"kt-row-column-wrap kt-has-1-columns kt-gutter-default kt-v-gutter-default kt-row-valign-middle kt-row-layout-equal kt-tab-layout-inherit kt-m-colapse-left-to-right kt-mobile-layout-row kb-theme-content-width\"><style>.kadence-column_b0cd9a-b1 > .kt-inside-inner-col{border-top-width:0px;border-right-width:0px;border-bottom-width:0px;border-left-width:0px;}.kadence-column_b0cd9a-b1 > .kt-inside-inner-col,.kadence-column_b0cd9a-b1 > .kt-inside-inner-col:before{border-top-left-radius:0px;border-top-right-radius:0px;border-bottom-right-radius:0px;border-bottom-left-radius:0px;}.kadence-column_b0cd9a-b1 > .kt-inside-inner-col{column-gap:var(--global-kb-gap-sm, 1rem);}.kadence-column_b0cd9a-b1 > .kt-inside-inner-col{flex-direction:column;}.kadence-column_b0cd9a-b1 > .kt-inside-inner-col > .aligncenter{width:100%;}.kadence-column_b0cd9a-b1 > .kt-inside-inner-col:before{opacity:0.3;}.kadence-column_b0cd9a-b1{position:relative;}@media all and (max-width: 1024px){.kadence-column_b0cd9a-b1 > .kt-inside-inner-col{flex-direction:column;justify-content:center;}}@media all and (max-width: 767px){.kadence-column_b0cd9a-b1 > .kt-inside-inner-col{flex-direction:column;justify-content:center;}}<\/style>\n<div class=\"wp-block-kadence-column inner-column-1 kadence-column_b0cd9a-b1\"><div class=\"kt-inside-inner-col\"><style>.wp-block-kadence-advancedheading.kt-adv-heading_07d487-4f, .wp-block-kadence-advancedheading.kt-adv-heading_07d487-4f[data-kb-block=\"kb-adv-heading_07d487-4f\"]{text-align:center;font-size:60px;font-style:normal;color:#ffffff;}.wp-block-kadence-advancedheading.kt-adv-heading_07d487-4f mark.kt-highlight, .wp-block-kadence-advancedheading.kt-adv-heading_07d487-4f[data-kb-block=\"kb-adv-heading_07d487-4f\"] mark.kt-highlight{font-style:normal;color:#f76a0c;-webkit-box-decoration-break:clone;box-decoration-break:clone;padding-top:0px;padding-right:0px;padding-bottom:0px;padding-left:0px;}.wp-block-kadence-advancedheading.kt-adv-heading_07d487-4f img.kb-inline-image, .wp-block-kadence-advancedheading.kt-adv-heading_07d487-4f[data-kb-block=\"kb-adv-heading_07d487-4f\"] img.kb-inline-image{width:150px;vertical-align:baseline;}@media all and (max-width: 1024px){.wp-block-kadence-advancedheading.kt-adv-heading_07d487-4f, .wp-block-kadence-advancedheading.kt-adv-heading_07d487-4f[data-kb-block=\"kb-adv-heading_07d487-4f\"]{font-size:50px;}}@media all and (max-width: 767px){.wp-block-kadence-advancedheading.kt-adv-heading_07d487-4f, .wp-block-kadence-advancedheading.kt-adv-heading_07d487-4f[data-kb-block=\"kb-adv-heading_07d487-4f\"]{font-size:40px;}}<\/style>\n<h1 class=\"kt-adv-heading_07d487-4f wp-block-kadence-advancedheading\" data-kb-block=\"kb-adv-heading_07d487-4f\">Noticias \/ Albisteak<\/h1>\n<\/div><\/div>\n<\/div><\/div><\/div>\n\n\n<style>#kt-layout-id_077b77-2e > .kt-row-column-wrap{align-content:start;}:where(#kt-layout-id_077b77-2e > .kt-row-column-wrap) > .wp-block-kadence-column{justify-content:start;}#kt-layout-id_077b77-2e > .kt-row-column-wrap{column-gap:var(--global-kb-gap-md, 2rem);row-gap:var(--global-kb-gap-md, 2rem);max-width:1200px;margin-left:auto;margin-right:auto;padding-top:var( --global-kb-row-default-top, 25px );padding-bottom:var( --global-kb-row-default-bottom, 25px );padding-top:40px;padding-bottom:80px;padding-left:25px;padding-right:25px;grid-template-columns:minmax(0, 1fr);}#kt-layout-id_077b77-2e > .kt-row-layout-overlay{opacity:0.30;}@media all and (max-width: 1024px){#kt-layout-id_077b77-2e > .kt-row-column-wrap{grid-template-columns:minmax(0, 1fr);}}@media all and (max-width: 767px){#kt-layout-id_077b77-2e > .kt-row-column-wrap{grid-template-columns:minmax(0, 1fr);}}<\/style>\n<div class=\"wp-block-kadence-rowlayout alignnone\"><div id=\"kt-layout-id_077b77-2e\" class=\"kt-row-layout-inner kt-layout-id_077b77-2e\"><div class=\"kt-row-column-wrap kt-has-1-columns kt-gutter-default kt-v-gutter-default kt-row-valign-top kt-row-layout-equal kt-tab-layout-inherit kt-m-colapse-left-to-right kt-mobile-layout-row\"><style>.kadence-column_570760-d3 > .kt-inside-inner-col{border-top-width:0px;border-right-width:0px;border-bottom-width:0px;border-left-width:0px;}.kadence-column_570760-d3 > .kt-inside-inner-col,.kadence-column_570760-d3 > .kt-inside-inner-col:before{border-top-left-radius:0px;border-top-right-radius:0px;border-bottom-right-radius:0px;border-bottom-left-radius:0px;}.kadence-column_570760-d3 > .kt-inside-inner-col{column-gap:var(--global-kb-gap-sm, 1rem);}.kadence-column_570760-d3 > .kt-inside-inner-col{flex-direction:column;}.kadence-column_570760-d3 > .kt-inside-inner-col > .aligncenter{width:100%;}.kadence-column_570760-d3 > .kt-inside-inner-col:before{opacity:0.3;}.kadence-column_570760-d3{position:relative;}@media all and (max-width: 1024px){.kadence-column_570760-d3 > .kt-inside-inner-col{flex-direction:column;justify-content:center;}}@media all and (max-width: 767px){.kadence-column_570760-d3 > .kt-inside-inner-col{flex-direction:column;justify-content:center;}}<\/style>\n<div class=\"wp-block-kadence-column inner-column-1 kadence-column_570760-d3\"><div class=\"kt-inside-inner-col\"><div  class=\"ultp-post-grid-block wp-block-ultimate-post-post-list-2 ultp-block-a54fa9\"><div class=\"ultp-block-wrapper\"><div class=\"ultp-loading\"><div class=\"ultp-loading-blocks\" style=\"width:100%;height:100%;\"><div style=\"left: 0;top: 0;animation-delay:0s;\"><\/div><div style=\"left: 21px;top: 0;animation-delay:0.125s;\"><\/div><div style=\"left: 42px;top: 0;animation-delay:0.25s;\"><\/div><div style=\"left: 0;top: 21px;animation-delay:0.875s;\"><\/div><div style=\"left: 42px;top: 21px;animation-delay:0.375s;\"><\/div><div style=\"left: 0;top: 42px;animation-delay:0.75s;\"><\/div><div style=\"left: 42px;top: 42px;animation-delay:0.625s;\"><\/div><div style=\"left: 21px;top: 42px;animation-delay:0.5s;\"><\/div><\/div><\/div><div class=\"ultp-heading-filter\"><div class=\"ultp-heading-filter-in\"><div class=\"ultp-filter-navigation\"><\/div><\/div><\/div><div class=\"ultp-block-items-wrap ultp-block-content-middle ultp-layout1\"><div class=\"ultp-block-item ultp-block-media post-id-2444\"><div class=\"ultp-block-content-wrap ultp-first-postlist-2\"><div class=\"ultp-block-image ultp-block-image-opacity\"><a href=\"https:\/\/plugindev.podiumsoft.net\/eu\/los-martes-fecha-final-de-inscripcion-para-todas-las-carreras\/\" ><img decoding=\"async\"  alt=\"LOS MARTES, FECHA FINAL DE INSCRIPCI\u00d3N PARA TODAS LAS CARRERAS\"  src=\"https:\/\/plugindev.podiumsoft.net\/wp-content\/uploads\/2022\/01\/SMMora-copia.jpg\" \/><\/a><\/div><div class=\"ultp-block-content\"><div class=\"ultp-category-grid ultp-category-classic ultp-category-aboveTitle\"><div class=\"ultp-category-in\"><a class=\"ultp-cat-noticias\" href=\"https:\/\/plugindev.podiumsoft.net\/category\/noticias\/\"  >Noticias<\/a><\/div><\/div><h3 class=\"ultp-block-title \"><a href=\"https:\/\/plugindev.podiumsoft.net\/eu\/los-martes-fecha-final-de-inscripcion-para-todas-las-carreras\/\" >LOS MARTES, FECHA FINAL DE INSCRIPCI\u00d3N PARA TODAS LAS CARRERAS<\/a><\/h3><div class=\"ultp-block-meta ultp-block-meta-dot ultp-block-meta-icon\"><span class=\"ultp-block-date ultp-block-meta-element\"><svg xmlns=\"http:\/\/www.w3.org\/2000\/svg\" fill=\"none\" viewBox=\"0 0 24 24\">\n  <path stroke=\"currentColor\" stroke-linecap=\"round\" stroke-linejoin=\"round\" stroke-width=\"1.5\" d=\"M3 5.5a2 2 0 0 1 2-2h14a2 2 0 0 1 2 2v14a2 2 0 0 1-2 2H5a2 2 0 0 1-2-2v-14ZM8 2v3m8-3v3M3 9h18\"\/>\n<\/svg>\nJan 1, 2022<\/span><\/div><div class=\"ultp-block-excerpt\"><p>A PARTIR DE AHORA EL PERI\u00d3DO DE INSCRIPCI\u00d3N TERMINAR\u00c1 LOS MARTES ANTERIORES A LA CARRERA, PARA TODAS LAS PRUEBAS QUE ORGANIZA DE ESTA FEDERACI\u00d3N (velocidad, motocross, cross country, enduro, karting). LOS MI\u00c9RCOLES Y JUEVES, SE PODR\u00c1N HACER INSCRIPCIONES PERO CON RECARGO.<\/p>\n<\/div><div class=\"ultp-block-readmore\"><a aria-label=\"LOS MARTES, FECHA FINAL DE INSCRIPCI\u00d3N PARA TODAS LAS CARRERAS\" href=\"https:\/\/plugindev.podiumsoft.net\/eu\/los-martes-fecha-final-de-inscripcion-para-todas-las-carreras\/\" >Read More<\/a><\/div><\/div><\/div><\/div><div class=\"ultp-block-item ultp-block-media post-id-2443\"><div class=\"ultp-block-content-wrap ultp-all-postlist-2\"><div class=\"ultp-block-image ultp-block-image-opacity\"><a href=\"https:\/\/plugindev.podiumsoft.net\/eu\/noticias-prensa-a-traves-del-facebook-y-web-de-la-fnm\/\" ><img decoding=\"async\"  alt=\"NOTICIAS PRENSA A TRAV\u00c9S DEL FACEBOOK Y WEB DE LA FNM\"  src=\"https:\/\/plugindev.podiumsoft.net\/wp-content\/uploads\/2022\/01\/logo_horizontal-300x119.png\" \/><\/a><\/div><div class=\"ultp-block-content\"><div class=\"ultp-category-grid ultp-category-classic ultp-category-aboveTitle\"><div class=\"ultp-category-in\"><a class=\"ultp-cat-noticias\" href=\"https:\/\/plugindev.podiumsoft.net\/category\/noticias\/\"  >Noticias<\/a><\/div><\/div><h3 class=\"ultp-block-title \"><a href=\"https:\/\/plugindev.podiumsoft.net\/eu\/noticias-prensa-a-traves-del-facebook-y-web-de-la-fnm\/\" >NOTICIAS PRENSA A TRAV\u00c9S DEL FACEBOOK Y WEB DE LA FNM<\/a><\/h3><div class=\"ultp-block-meta ultp-block-meta-dot ultp-block-meta-icon\"><span class=\"ultp-block-date ultp-block-meta-element\"><svg xmlns=\"http:\/\/www.w3.org\/2000\/svg\" fill=\"none\" viewBox=\"0 0 24 24\">\n  <path stroke=\"currentColor\" stroke-linecap=\"round\" stroke-linejoin=\"round\" stroke-width=\"1.5\" d=\"M3 5.5a2 2 0 0 1 2-2h14a2 2 0 0 1 2 2v14a2 2 0 0 1-2 2H5a2 2 0 0 1-2-2v-14ZM8 2v3m8-3v3M3 9h18\"\/>\n<\/svg>\nJan 1, 2022<\/span><\/div><div class=\"ultp-block-excerpt\"><p>NOTAS DE PRENSA A TRAVES DE LA FNM TOD@S LOS PILOTOS QUE DESEEN PUBLICAR NOTICIAS Y FOTOS SOBRE SUS CARRERAS, LA FEDERACI\u00d3N NAVARRA PONE A SU DISPOSICION FACEBOOK Y LA WEB. PARA PUBLICAR A TRAVES DE FACEBOOK ENVIAR LA NOTICIA&hellip;<\/p>\n<\/div><div class=\"ultp-block-readmore\"><a aria-label=\"NOTICIAS PRENSA A TRAV\u00c9S DEL FACEBOOK Y WEB DE LA FNM\" href=\"https:\/\/plugindev.podiumsoft.net\/eu\/noticias-prensa-a-traves-del-facebook-y-web-de-la-fnm\/\" >Read More<\/a><\/div><\/div><\/div><\/div><div class=\"ultp-block-item ultp-block-media post-id-2449\"><div class=\"ultp-block-content-wrap ultp-all-postlist-2\"><div class=\"ultp-block-image ultp-block-image-opacity\"><a href=\"https:\/\/plugindev.podiumsoft.net\/eu\/gala-entrega-premios-22-enero-circuito-de-navarra\/\" ><img decoding=\"async\"  alt=\"NORMATIVA ENTRENAMIENTOS MUY IMPORTANTE\"  src=\"https:\/\/plugindev.podiumsoft.net\/wp-content\/uploads\/2022\/01\/SMMora_domingo_2021-10-copia-300x200.jpg\" \/><\/a><\/div><div class=\"ultp-block-content\"><div class=\"ultp-category-grid ultp-category-classic ultp-category-aboveTitle\"><div class=\"ultp-category-in\"><a class=\"ultp-cat-noticias\" href=\"https:\/\/plugindev.podiumsoft.net\/category\/noticias\/\"  >Noticias<\/a><\/div><\/div><h3 class=\"ultp-block-title \"><a href=\"https:\/\/plugindev.podiumsoft.net\/eu\/gala-entrega-premios-22-enero-circuito-de-navarra\/\" >NORMATIVA ENTRENAMIENTOS MUY IMPORTANTE<\/a><\/h3><div class=\"ultp-block-meta ultp-block-meta-dot ultp-block-meta-icon\"><span class=\"ultp-block-date ultp-block-meta-element\"><svg xmlns=\"http:\/\/www.w3.org\/2000\/svg\" fill=\"none\" viewBox=\"0 0 24 24\">\n  <path stroke=\"currentColor\" stroke-linecap=\"round\" stroke-linejoin=\"round\" stroke-width=\"1.5\" d=\"M3 5.5a2 2 0 0 1 2-2h14a2 2 0 0 1 2 2v14a2 2 0 0 1-2 2H5a2 2 0 0 1-2-2v-14ZM8 2v3m8-3v3M3 9h18\"\/>\n<\/svg>\nJan 1, 2022<\/span><\/div><div class=\"ultp-block-excerpt\"><p>NORMAS PARA INSCRIBIRSE EN LOS ENTRENAMIENTOS MUY IMPORTANTE HACERLO CORRECTAMENTE<\/p>\n<\/div><div class=\"ultp-block-readmore\"><a aria-label=\"NORMATIVA ENTRENAMIENTOS MUY IMPORTANTE\" href=\"https:\/\/plugindev.podiumsoft.net\/eu\/gala-entrega-premios-22-enero-circuito-de-navarra\/\" >Read More<\/a><\/div><\/div><\/div><\/div><div class=\"ultp-block-item ultp-block-media post-id-2448\"><div class=\"ultp-block-content-wrap ultp-all-postlist-2\"><div class=\"ultp-block-image ultp-block-image-opacity\"><a href=\"https:\/\/plugindev.podiumsoft.net\/eu\/las-licencias-del-ano-2022-ya-se-pueden-imprimir\/\" ><img decoding=\"async\"  alt=\"ACTUACI\u00d3N EN CASO DE ACCIDENTE ENTRENAMIENTOS Y CARRERAS\"  src=\"https:\/\/plugindev.podiumsoft.net\/wp-content\/uploads\/2022\/01\/Telefono-de-Allianz-300x169.png\" \/><\/a><\/div><div class=\"ultp-block-content\"><div class=\"ultp-category-grid ultp-category-classic ultp-category-aboveTitle\"><div class=\"ultp-category-in\"><a class=\"ultp-cat-noticias\" href=\"https:\/\/plugindev.podiumsoft.net\/category\/noticias\/\"  >Noticias<\/a><\/div><\/div><h3 class=\"ultp-block-title \"><a href=\"https:\/\/plugindev.podiumsoft.net\/eu\/las-licencias-del-ano-2022-ya-se-pueden-imprimir\/\" >ACTUACI\u00d3N EN CASO DE ACCIDENTE ENTRENAMIENTOS Y CARRERAS<\/a><\/h3><div class=\"ultp-block-meta ultp-block-meta-dot ultp-block-meta-icon\"><span class=\"ultp-block-date ultp-block-meta-element\"><svg xmlns=\"http:\/\/www.w3.org\/2000\/svg\" fill=\"none\" viewBox=\"0 0 24 24\">\n  <path stroke=\"currentColor\" stroke-linecap=\"round\" stroke-linejoin=\"round\" stroke-width=\"1.5\" d=\"M3 5.5a2 2 0 0 1 2-2h14a2 2 0 0 1 2 2v14a2 2 0 0 1-2 2H5a2 2 0 0 1-2-2v-14ZM8 2v3m8-3v3M3 9h18\"\/>\n<\/svg>\nJan 1, 2022<\/span><\/div><div class=\"ultp-block-excerpt\"><p>IMPORTANTE COMO ACTUAR EN CASO DE ACCIDENTE LEER BIEN EL ARCHIVO ADJUNTO<\/p>\n<\/div><div class=\"ultp-block-readmore\"><a aria-label=\"ACTUACI\u00d3N EN CASO DE ACCIDENTE ENTRENAMIENTOS Y CARRERAS\" href=\"https:\/\/plugindev.podiumsoft.net\/eu\/las-licencias-del-ano-2022-ya-se-pueden-imprimir\/\" >Read More<\/a><\/div><\/div><\/div><\/div><\/div><div class=\"ultp-loadmore\"><\/div><\/div><div class=\"pagination-block-html\" aria-hidden=\"true\" style=\"display: none;\"><\/div><\/div><\/div><\/div>\n<\/div><\/div><\/div>\n","protected":false},"excerpt":{"rendered":"<p>Noticias \/ Albisteak<\/p>\n","protected":false},"author":1,"featured_media":0,"parent":0,"menu_order":5,"comment_status":"closed","ping_status":"closed","template":"","meta":{"_acf_changed":false,"_kad_post_transparent":"","_kad_post_title":"","_kad_post_layout":"fullwidth","_kad_post_sidebar_id":"","_kad_post_content_style":"","_kad_post_vertical_padding":"","_kad_post_feature":"","_kad_post_feature_position":"","_kad_post_header":false,"_kad_post_footer":false,"_kad_post_classname":"","footnotes":""},"class_list":["post-2552","page","type-page","status-publish","hentry"],"acf":[],"_links":{"self":[{"href":"https:\/\/plugindev.podiumsoft.net\/eu\/wp-json\/wp\/v2\/pages\/2552","targetHints":{"allow":["GET"]}}],"collection":[{"href":"https:\/\/plugindev.podiumsoft.net\/eu\/wp-json\/wp\/v2\/pages"}],"about":[{"href":"https:\/\/plugindev.podiumsoft.net\/eu\/wp-json\/wp\/v2\/types\/page"}],"author":[{"embeddable":true,"href":"https:\/\/plugindev.podiumsoft.net\/eu\/wp-json\/wp\/v2\/users\/1"}],"replies":[{"embeddable":true,"href":"https:\/\/plugindev.podiumsoft.net\/eu\/wp-json\/wp\/v2\/comments?post=2552"}],"version-history":[{"count":1,"href":"https:\/\/plugindev.podiumsoft.net\/eu\/wp-json\/wp\/v2\/pages\/2552\/revisions"}],"predecessor-version":[{"id":2581,"href":"https:\/\/plugindev.podiumsoft.net\/eu\/wp-json\/wp\/v2\/pages\/2552\/revisions\/2581"}],"wp:attachment":[{"href":"https:\/\/plugindev.podiumsoft.net\/eu\/wp-json\/wp\/v2\/media?parent=2552"}],"curies":[{"name":"wp","href":"https:\/\/api.w.org\/{rel}","templated":true}]}}